{"id":44,"date":"2012-12-06T04:47:48","date_gmt":"2012-12-06T04:47:48","guid":{"rendered":"http:\/\/174.132.168.190\/~ferroblo\/?page_id=44"},"modified":"2012-12-20T18:34:28","modified_gmt":"2012-12-20T18:34:28","slug":"historia","status":"publish","type":"page","link":"http:\/\/ferroblock.com\/es\/historia\/","title":{"rendered":"Historia"},"content":{"rendered":"En principios de los a\u00f1os 70, en la ciudad de Miguel Alem\u00e1n, fueron los comienzos de la empresa de fabricaci\u00f3n de blocks de cemento. El Sr. Rogelio Hinojosa Barrera, contando con el fuerte apoyo de su padre Don Raul Hinojosa Garcia, iniciaron su empresa enfoc\u00e1ndose en la venta de materiales de construcci\u00f3n, ofreciendo block, cemento, varilla, ferreter\u00eda y plomer\u00eda. \r\n\r\nIniciando principalmente bajo en nombre \"Hinojosa Materiales\" y con el apoyo de su esposa la Sra. Asteria Garc\u00eda de Hinojosa, lograron penetrar el comercio en el Valle de Texas. Despu\u00e9s de un tiempo exitoso, m\u00e1s la expanci\u00f3n de la f\u00e1brica, fue el comienzo de Ferro Block que todav\u00eda estaba localizada en M\u00e9xico. \r\n\r\nDebido a la alta calidad de su producto la demanda departe de los Estados Unidos fue creciendo y tres nuevas locaciones fueron abiertas en el sur de Texas, en Mission, Donna y la locaci\u00f3n principal en Alton. El crecimiento de Ferro Block fue debido a que toda la familia Hinojosa trabaj\u00f3 junta, esto incluyendo a Maria del Rosario, Raul y Rogelio Jr. con sus familias respectivas. \r\n\r\nEl gran crecimiento en las ventas motiv\u00f3 a la familia Hinojosa a que ampliaran sus horizontes \u00e9 instalaran un nuevo negocio en San Antonio, Texas, el cual tambi\u00e9n cuenta con una gran sala de exhibici\u00f3n. \r\n\r\nDebido al excelente trato a sus cl\u00edentes y \u00e1mplio surtido en pisos y azulejos Mexicanos e importados, Ferro Block ahora cuenta con m\u00e1s de 30 a\u00f1os en la vanguardia con todav\u00eda m\u00e1s \u00e9xito en su futuro.  ","protected":false},"excerpt":{"rendered":"<p>En principios de los a\u00f1os 70, en la ciudad de Miguel Alem\u00e1n, fueron los comienzos de la empresa de fabricaci\u00f3n de blocks de cemento. El Sr. Rogelio Hinojosa Barrera, contando con el fuerte apoyo de su padre Don Raul Hinojosa Garcia, iniciaron su empresa enfoc\u00e1ndose en la venta de materiales de construcci\u00f3n, ofreciendo block, cemento, [&hellip;]<\/p>\n","protected":false},"author":1,"featured_media":0,"parent":0,"menu_order":0,"comment_status":"open","ping_status":"open","template":"","meta":{"footnotes":""},"class_list":{"0":"post-44","1":"page","2":"type-page","3":"status-publish","5":"entry"},"_links":{"self":[{"href":"http:\/\/ferroblock.com\/es\/wp-json\/wp\/v2\/pages\/44","targetHints":{"allow":["GET"]}}],"collection":[{"href":"http:\/\/ferroblock.com\/es\/wp-json\/wp\/v2\/pages"}],"about":[{"href":"http:\/\/ferroblock.com\/es\/wp-json\/wp\/v2\/types\/page"}],"author":[{"embeddable":true,"href":"http:\/\/ferroblock.com\/es\/wp-json\/wp\/v2\/users\/1"}],"replies":[{"embeddable":true,"href":"http:\/\/ferroblock.com\/es\/wp-json\/wp\/v2\/comments?post=44"}],"version-history":[{"count":2,"href":"http:\/\/ferroblock.com\/es\/wp-json\/wp\/v2\/pages\/44\/revisions"}],"predecessor-version":[{"id":97,"href":"http:\/\/ferroblock.com\/es\/wp-json\/wp\/v2\/pages\/44\/revisions\/97"}],"wp:attachment":[{"href":"http:\/\/ferroblock.com\/es\/wp-json\/wp\/v2\/media?parent=44"}],"curies":[{"name":"wp","href":"https:\/\/api.w.org\/{rel}","templated":true}]}}